{"id":9726,"date":"2025-05-31T15:44:09","date_gmt":"2025-05-31T08:44:09","guid":{"rendered":"https:\/\/thienphatcompany.vn\/?post_type=product&#038;p=9726"},"modified":"2025-12-31T15:26:46","modified_gmt":"2025-12-31T08:26:46","slug":"ghep-ngang","status":"publish","type":"product","link":"https:\/\/thienphatcompany.vn\/en\/product\/ghep-ngang\/","title":{"rendered":"Edge Glue"},"content":{"rendered":"<h3><span style=\"color: #333399;\">Edge glue Table Top, Acacia Desktop for Standing Desk\/Office Tabletop\/Countertop<\/span><\/h3>","protected":false},"excerpt":{"rendered":"<p>M\u1eb7t b\u00e0n g\u1ed7 gh\u00e9p ngang , m\u1eb7t b\u00e0n l\u00e0m vi\u1ec7c b\u1eb1ng g\u1ed7 tr\u00e0m (cho b\u00e0n \u0111\u1ee9ng\/b\u00e0n v\u0103n&#8230;<\/p>","protected":false},"featured_media":11676,"comment_status":"open","ping_status":"closed","template":"","meta":{"_acf_changed":false},"product_brand":[],"product_cat":[338],"product_tag":[527],"class_list":{"0":"post-9726","1":"product","2":"type-product","3":"status-publish","4":"has-post-thumbnail","6":"product_cat-van-ghep-thanh","7":"product_tag-van-ghep-thanh","9":"first","10":"instock","11":"shipping-taxable","12":"product-type-simple"},"acf":[],"etheme_brands":{"errors":{"invalid_taxonomy":["Invalid taxonomy."]},"error_data":[]},"_links":{"self":[{"href":"https:\/\/thienphatcompany.vn\/en\/wp-json\/wp\/v2\/product\/9726","targetHints":{"allow":["GET"]}}],"collection":[{"href":"https:\/\/thienphatcompany.vn\/en\/wp-json\/wp\/v2\/product"}],"about":[{"href":"https:\/\/thienphatcompany.vn\/en\/wp-json\/wp\/v2\/types\/product"}],"replies":[{"embeddable":true,"href":"https:\/\/thienphatcompany.vn\/en\/wp-json\/wp\/v2\/comments?post=9726"}],"wp:featuredmedia":[{"embeddable":true,"href":"https:\/\/thienphatcompany.vn\/en\/wp-json\/wp\/v2\/media\/11676"}],"wp:attachment":[{"href":"https:\/\/thienphatcompany.vn\/en\/wp-json\/wp\/v2\/media?parent=9726"}],"wp:term":[{"taxonomy":"product_brand","embeddable":true,"href":"https:\/\/thienphatcompany.vn\/en\/wp-json\/wp\/v2\/product_brand?post=9726"},{"taxonomy":"product_cat","embeddable":true,"href":"https:\/\/thienphatcompany.vn\/en\/wp-json\/wp\/v2\/product_cat?post=9726"},{"taxonomy":"product_tag","embeddable":true,"href":"https:\/\/thienphatcompany.vn\/en\/wp-json\/wp\/v2\/product_tag?post=9726"}],"curies":[{"name":"wp","href":"https:\/\/api.w.org\/{rel}","templated":true}]}}