{"id":9396,"date":"2025-05-07T14:01:14","date_gmt":"2025-05-07T07:01:14","guid":{"rendered":"https:\/\/thienphatcompany.vn\/?post_type=product&#038;p=9396"},"modified":"2025-05-08T09:58:18","modified_gmt":"2025-05-08T02:58:18","slug":"ke-treo-tuong","status":"publish","type":"product","link":"https:\/\/thienphatcompany.vn\/en\/product\/ke-treo-tuong\/","title":{"rendered":"Floating Shelves"},"content":{"rendered":"<p>Wall-mounted decorative shelf for the living room, made of pine wood. The shelf undergoes the following stages of processing: crafting, assembly, and packaging into individual product sets, along with user instructions.<\/p>","protected":false},"excerpt":{"rendered":"<p>K\u1ec7 trang tr\u00ed treo t\u01b0\u1eddng \u1edf ph\u00f2ng kh\u00e1ch, \u0111\u01b0\u1ee3c l\u00e0m b\u1eb1ng g\u1ed7 th\u00f4ng (Pine). K\u1ec7 \u0111\u01b0\u1ee3c gia&#8230;<\/p>","protected":false},"featured_media":9397,"comment_status":"open","ping_status":"closed","template":"","meta":{"_acf_changed":false},"product_brand":[],"product_cat":[233],"product_tag":[407],"class_list":{"0":"post-9396","1":"product","2":"type-product","3":"status-publish","4":"has-post-thumbnail","6":"product_cat-san-pham-khac","7":"product_tag-floating-shelves","9":"first","10":"instock","11":"shipping-taxable","12":"purchasable","13":"product-type-variable","14":"has-default-attributes"},"acf":[],"etheme_brands":{"errors":{"invalid_taxonomy":["Invalid taxonomy."]},"error_data":[]},"_links":{"self":[{"href":"https:\/\/thienphatcompany.vn\/en\/wp-json\/wp\/v2\/product\/9396","targetHints":{"allow":["GET"]}}],"collection":[{"href":"https:\/\/thienphatcompany.vn\/en\/wp-json\/wp\/v2\/product"}],"about":[{"href":"https:\/\/thienphatcompany.vn\/en\/wp-json\/wp\/v2\/types\/product"}],"replies":[{"embeddable":true,"href":"https:\/\/thienphatcompany.vn\/en\/wp-json\/wp\/v2\/comments?post=9396"}],"wp:featuredmedia":[{"embeddable":true,"href":"https:\/\/thienphatcompany.vn\/en\/wp-json\/wp\/v2\/media\/9397"}],"wp:attachment":[{"href":"https:\/\/thienphatcompany.vn\/en\/wp-json\/wp\/v2\/media?parent=9396"}],"wp:term":[{"taxonomy":"product_brand","embeddable":true,"href":"https:\/\/thienphatcompany.vn\/en\/wp-json\/wp\/v2\/product_brand?post=9396"},{"taxonomy":"product_cat","embeddable":true,"href":"https:\/\/thienphatcompany.vn\/en\/wp-json\/wp\/v2\/product_cat?post=9396"},{"taxonomy":"product_tag","embeddable":true,"href":"https:\/\/thienphatcompany.vn\/en\/wp-json\/wp\/v2\/product_tag?post=9396"}],"curies":[{"name":"wp","href":"https:\/\/api.w.org\/{rel}","templated":true}]}}