{"id":7972,"date":"2025-01-15T09:37:50","date_gmt":"2025-01-15T02:37:50","guid":{"rendered":"https:\/\/thienphatcompany.vn\/?post_type=product&#038;p=7972"},"modified":"2025-05-31T10:42:08","modified_gmt":"2025-05-31T03:42:08","slug":"floating-vanity","status":"publish","type":"product","link":"https:\/\/thienphatcompany.vn\/en\/product\/floating-vanity\/","title":{"rendered":"Floating vanity"},"content":{"rendered":"<p><span data-sheets-root=\"1\">A modern wall-mounted cabinet, designed to optimize space and lend an airy feel to the bathroom.<\/span><\/p>","protected":false},"excerpt":{"rendered":"<p>T\u1ee7 theo ki\u1ec3u treo t\u01b0\u1eddng hi\u1ec7n \u0111\u1ea1i, gi\u00fap t\u1ed1i \u01b0u kh\u00f4ng gian v\u00e0 mang \u0111\u1ebfn s\u1ef1 tho\u00e1ng&#8230;<\/p>","protected":false},"featured_media":7985,"comment_status":"open","ping_status":"closed","template":"","meta":{"_acf_changed":false},"product_brand":[],"product_cat":[231],"product_tag":[222],"class_list":{"0":"post-7972","1":"product","2":"type-product","3":"status-publish","4":"has-post-thumbnail","6":"product_cat-phong-nha-tam","7":"product_tag-bathroom-vanities","9":"first","10":"instock","11":"shipping-taxable","12":"purchasable","13":"product-type-variable"},"acf":[],"etheme_brands":{"errors":{"invalid_taxonomy":["Invalid taxonomy."]},"error_data":[]},"_links":{"self":[{"href":"https:\/\/thienphatcompany.vn\/en\/wp-json\/wp\/v2\/product\/7972","targetHints":{"allow":["GET"]}}],"collection":[{"href":"https:\/\/thienphatcompany.vn\/en\/wp-json\/wp\/v2\/product"}],"about":[{"href":"https:\/\/thienphatcompany.vn\/en\/wp-json\/wp\/v2\/types\/product"}],"replies":[{"embeddable":true,"href":"https:\/\/thienphatcompany.vn\/en\/wp-json\/wp\/v2\/comments?post=7972"}],"wp:featuredmedia":[{"embeddable":true,"href":"https:\/\/thienphatcompany.vn\/en\/wp-json\/wp\/v2\/media\/7985"}],"wp:attachment":[{"href":"https:\/\/thienphatcompany.vn\/en\/wp-json\/wp\/v2\/media?parent=7972"}],"wp:term":[{"taxonomy":"product_brand","embeddable":true,"href":"https:\/\/thienphatcompany.vn\/en\/wp-json\/wp\/v2\/product_brand?post=7972"},{"taxonomy":"product_cat","embeddable":true,"href":"https:\/\/thienphatcompany.vn\/en\/wp-json\/wp\/v2\/product_cat?post=7972"},{"taxonomy":"product_tag","embeddable":true,"href":"https:\/\/thienphatcompany.vn\/en\/wp-json\/wp\/v2\/product_tag?post=7972"}],"curies":[{"name":"wp","href":"https:\/\/api.w.org\/{rel}","templated":true}]}}