{"id":7968,"date":"2025-01-15T09:35:56","date_gmt":"2025-01-15T02:35:56","guid":{"rendered":"https:\/\/thienphatcompany.vn\/?post_type=product&#038;p=7968"},"modified":"2025-05-31T10:52:36","modified_gmt":"2025-05-31T03:52:36","slug":"louvered-door-vanity","status":"publish","type":"product","link":"https:\/\/thienphatcompany.vn\/en\/product\/louvered-door-vanity\/","title":{"rendered":"Louvered door vanity"},"content":{"rendered":"<p>A bathroom cabinet featuring louvered doors for ventilation, offering a classic style with a touch of modern appeal, all while ensuring lasting durability.<\/p>","protected":false},"excerpt":{"rendered":"<p>T\u1ee7 nh\u00e0 t\u1eafm v\u1edbi c\u1eeda ch\u1edbp tho\u00e1ng kh\u00ed, phong c\u00e1ch c\u1ed5 \u0111i\u1ec3n nh\u01b0ng v\u1eabn tho\u00e1ng n\u00e9t hi\u1ec7n&#8230;<\/p>","protected":false},"featured_media":7978,"comment_status":"open","ping_status":"closed","template":"","meta":{"_acf_changed":false},"product_brand":[],"product_cat":[231],"product_tag":[222],"class_list":{"0":"post-7968","1":"product","2":"type-product","3":"status-publish","4":"has-post-thumbnail","6":"product_cat-phong-nha-tam","7":"product_tag-bathroom-vanities","9":"first","10":"instock","11":"shipping-taxable","12":"purchasable","13":"product-type-variable"},"acf":[],"etheme_brands":{"errors":{"invalid_taxonomy":["Invalid taxonomy."]},"error_data":[]},"_links":{"self":[{"href":"https:\/\/thienphatcompany.vn\/en\/wp-json\/wp\/v2\/product\/7968","targetHints":{"allow":["GET"]}}],"collection":[{"href":"https:\/\/thienphatcompany.vn\/en\/wp-json\/wp\/v2\/product"}],"about":[{"href":"https:\/\/thienphatcompany.vn\/en\/wp-json\/wp\/v2\/types\/product"}],"replies":[{"embeddable":true,"href":"https:\/\/thienphatcompany.vn\/en\/wp-json\/wp\/v2\/comments?post=7968"}],"wp:featuredmedia":[{"embeddable":true,"href":"https:\/\/thienphatcompany.vn\/en\/wp-json\/wp\/v2\/media\/7978"}],"wp:attachment":[{"href":"https:\/\/thienphatcompany.vn\/en\/wp-json\/wp\/v2\/media?parent=7968"}],"wp:term":[{"taxonomy":"product_brand","embeddable":true,"href":"https:\/\/thienphatcompany.vn\/en\/wp-json\/wp\/v2\/product_brand?post=7968"},{"taxonomy":"product_cat","embeddable":true,"href":"https:\/\/thienphatcompany.vn\/en\/wp-json\/wp\/v2\/product_cat?post=7968"},{"taxonomy":"product_tag","embeddable":true,"href":"https:\/\/thienphatcompany.vn\/en\/wp-json\/wp\/v2\/product_tag?post=7968"}],"curies":[{"name":"wp","href":"https:\/\/api.w.org\/{rel}","templated":true}]}}