{"id":7697,"date":"2024-12-31T16:01:21","date_gmt":"2024-12-31T09:01:21","guid":{"rendered":"https:\/\/thienphatcompany.vn\/?post_type=product&#038;p=7697"},"modified":"2025-01-07T17:22:37","modified_gmt":"2025-01-07T10:22:37","slug":"oliver-nightstand","status":"publish","type":"product","link":"https:\/\/thienphatcompany.vn\/en\/product\/oliver-nightstand\/","title":{"rendered":"Oliver nightstand"},"content":{"rendered":"<p>T\u1ee7 \u0111\u1ea7u gi\u01b0\u1eddng Oliver l\u00e0 s\u1ef1 k\u1ebft h\u1ee3p ho\u00e0n h\u1ea3o gi\u1eefa s\u1ef1 hi\u1ec7n \u0111\u1ea1i v\u00e0 ti\u1ec7n d\u1ee5ng. V\u1edbi thi\u1ebft k\u1ebf hai ng\u0103n k\u00e9o \u0111\u01b0\u1ee3c l\u00e0m t\u1eeb g\u1ed7 cao su k\u1ebft h\u1ee3p m\u00e2y tre \u0111an, s\u1ea3n ph\u1ea9m kh\u00f4ng ch\u1ec9 mang v\u1ebb \u0111\u1eb9p t\u1ef1 nhi\u00ean m\u00e0 c\u00f2n \u0111\u1ea3m b\u1ea3o t\u00ednh b\u1ec1n b\u1ec9. Ph\u00f9 h\u1ee3p \u0111\u1ec3 l\u01b0u tr\u1eef \u0111\u1ed3 d\u00f9ng c\u00e1 nh\u00e2n, s\u1ea3n ph\u1ea9m n\u00e0y s\u1ebd l\u00e0 \u0111i\u1ec3m nh\u1ea5n tinh t\u1ebf cho kh\u00f4ng gian ph\u00f2ng ng\u1ee7 c\u1ee7a b\u1ea1n.<\/p>","protected":false},"excerpt":{"rendered":"<p>T\u1ee7 \u0111\u1ea7u gi\u01b0\u1eddng Oliver l\u00e0 s\u1ef1 k\u1ebft h\u1ee3p ho\u00e0n h\u1ea3o gi\u1eefa s\u1ef1 hi\u1ec7n \u0111\u1ea1i v\u00e0 ti\u1ec7n d\u1ee5ng&#8230;.<\/p>","protected":false},"featured_media":7640,"comment_status":"open","ping_status":"closed","template":"","meta":{"_acf_changed":false},"product_brand":[],"product_cat":[227,228],"product_tag":[220],"class_list":{"0":"post-7697","1":"product","2":"type-product","3":"status-publish","4":"has-post-thumbnail","6":"product_cat-noi-that","7":"product_cat-phong-ngu","8":"product_tag-san-pham-don","10":"first","11":"instock","12":"shipping-taxable","13":"product-type-simple"},"acf":[],"etheme_brands":{"errors":{"invalid_taxonomy":["Invalid taxonomy."]},"error_data":[]},"_links":{"self":[{"href":"https:\/\/thienphatcompany.vn\/en\/wp-json\/wp\/v2\/product\/7697","targetHints":{"allow":["GET"]}}],"collection":[{"href":"https:\/\/thienphatcompany.vn\/en\/wp-json\/wp\/v2\/product"}],"about":[{"href":"https:\/\/thienphatcompany.vn\/en\/wp-json\/wp\/v2\/types\/product"}],"replies":[{"embeddable":true,"href":"https:\/\/thienphatcompany.vn\/en\/wp-json\/wp\/v2\/comments?post=7697"}],"wp:featuredmedia":[{"embeddable":true,"href":"https:\/\/thienphatcompany.vn\/en\/wp-json\/wp\/v2\/media\/7640"}],"wp:attachment":[{"href":"https:\/\/thienphatcompany.vn\/en\/wp-json\/wp\/v2\/media?parent=7697"}],"wp:term":[{"taxonomy":"product_brand","embeddable":true,"href":"https:\/\/thienphatcompany.vn\/en\/wp-json\/wp\/v2\/product_brand?post=7697"},{"taxonomy":"product_cat","embeddable":true,"href":"https:\/\/thienphatcompany.vn\/en\/wp-json\/wp\/v2\/product_cat?post=7697"},{"taxonomy":"product_tag","embeddable":true,"href":"https:\/\/thienphatcompany.vn\/en\/wp-json\/wp\/v2\/product_tag?post=7697"}],"curies":[{"name":"wp","href":"https:\/\/api.w.org\/{rel}","templated":true}]}}