{"id":7695,"date":"2024-12-31T16:00:37","date_gmt":"2024-12-31T09:00:37","guid":{"rendered":"https:\/\/thienphatcompany.vn\/?post_type=product&#038;p=7695"},"modified":"2025-01-07T17:22:51","modified_gmt":"2025-01-07T10:22:51","slug":"oliver-bed-frame","status":"publish","type":"product","link":"https:\/\/thienphatcompany.vn\/en\/product\/oliver-bed-frame\/","title":{"rendered":"Oliver bed frame"},"content":{"rendered":"<p>Khung gi\u01b0\u1eddng Oliver mang \u0111\u1ebfn s\u1ef1 h\u00e0i h\u00f2a gi\u1eefa phong c\u00e1ch hi\u1ec7n \u0111\u1ea1i v\u00e0 c\u1ea3m gi\u00e1c \u1ea5m c\u00fang nh\u1edd thi\u1ebft k\u1ebf tinh t\u1ebf v\u00e0 v\u1eadt li\u1ec7u cao c\u1ea5p. Ph\u1ea7n \u0111\u1ea7u gi\u01b0\u1eddng \u0111\u01b0\u1ee3c l\u00e0m t\u1eeb g\u1ed7 cao su nguy\u00ean kh\u1ed1i k\u1ebft h\u1ee3p v\u1edbi chi ti\u1ebft m\u00e2y tre \u0111an, t\u1ea1o n\u00ean \u0111i\u1ec3m nh\u1ea5n \u0111\u1ed9c \u0111\u00e1o, th\u00e2n thi\u1ec7n v\u1edbi m\u00f4i tr\u01b0\u1eddng. Thi\u1ebft k\u1ebf ch\u00e2n gi\u01b0\u1eddng thanh m\u1ea3nh mang l\u1ea1i s\u1ef1 tinh t\u1ebf, ph\u00f9 h\u1ee3p cho m\u1ecdi kh\u00f4ng gian ph\u00f2ng ng\u1ee7.<\/p>","protected":false},"excerpt":{"rendered":"<p>Khung gi\u01b0\u1eddng Oliver mang \u0111\u1ebfn s\u1ef1 h\u00e0i h\u00f2a gi\u1eefa phong c\u00e1ch hi\u1ec7n \u0111\u1ea1i v\u00e0 c\u1ea3m gi\u00e1c \u1ea5m&#8230;<\/p>","protected":false},"featured_media":7639,"comment_status":"open","ping_status":"closed","template":"","meta":{"_acf_changed":false},"product_brand":[],"product_cat":[227,228],"product_tag":[220],"class_list":{"0":"post-7695","1":"product","2":"type-product","3":"status-publish","4":"has-post-thumbnail","6":"product_cat-noi-that","7":"product_cat-phong-ngu","8":"product_tag-san-pham-don","10":"first","11":"instock","12":"shipping-taxable","13":"product-type-simple"},"acf":[],"etheme_brands":{"errors":{"invalid_taxonomy":["Invalid taxonomy."]},"error_data":[]},"_links":{"self":[{"href":"https:\/\/thienphatcompany.vn\/en\/wp-json\/wp\/v2\/product\/7695","targetHints":{"allow":["GET"]}}],"collection":[{"href":"https:\/\/thienphatcompany.vn\/en\/wp-json\/wp\/v2\/product"}],"about":[{"href":"https:\/\/thienphatcompany.vn\/en\/wp-json\/wp\/v2\/types\/product"}],"replies":[{"embeddable":true,"href":"https:\/\/thienphatcompany.vn\/en\/wp-json\/wp\/v2\/comments?post=7695"}],"wp:featuredmedia":[{"embeddable":true,"href":"https:\/\/thienphatcompany.vn\/en\/wp-json\/wp\/v2\/media\/7639"}],"wp:attachment":[{"href":"https:\/\/thienphatcompany.vn\/en\/wp-json\/wp\/v2\/media?parent=7695"}],"wp:term":[{"taxonomy":"product_brand","embeddable":true,"href":"https:\/\/thienphatcompany.vn\/en\/wp-json\/wp\/v2\/product_brand?post=7695"},{"taxonomy":"product_cat","embeddable":true,"href":"https:\/\/thienphatcompany.vn\/en\/wp-json\/wp\/v2\/product_cat?post=7695"},{"taxonomy":"product_tag","embeddable":true,"href":"https:\/\/thienphatcompany.vn\/en\/wp-json\/wp\/v2\/product_tag?post=7695"}],"curies":[{"name":"wp","href":"https:\/\/api.w.org\/{rel}","templated":true}]}}