{"id":7677,"date":"2024-12-31T15:34:07","date_gmt":"2024-12-31T08:34:07","guid":{"rendered":"https:\/\/thienphatcompany.vn\/?post_type=product&#038;p=7677"},"modified":"2025-02-16T19:46:51","modified_gmt":"2025-02-16T12:46:51","slug":"millie-sideboard","status":"publish","type":"product","link":"https:\/\/thienphatcompany.vn\/en\/product\/millie-sideboard\/","title":{"rendered":"Millie Sideboard"},"content":{"rendered":"<p>T\u1ee7 l\u01b0u tr\u1eef Millie c\u00f3 s\u1ee9c h\u00fat ri\u00eang nh\u1edd thi\u1ebft k\u1ebf c\u1ed5 \u0111i\u1ec3n pha hi\u1ec7n \u0111\u1ea1i, t\u1ed1i \u01b0u h\u00f3a c\u00f4ng n\u0103ng.<\/p>","protected":false},"excerpt":{"rendered":"<p>T\u1ee7 l\u01b0u tr\u1eef Millie c\u00f3 s\u1ee9c h\u00fat ri\u00eang nh\u1edd thi\u1ebft k\u1ebf c\u1ed5 \u0111i\u1ec3n pha hi\u1ec7n \u0111\u1ea1i, t\u1ed1i&#8230;<\/p>","protected":false},"featured_media":7635,"comment_status":"open","ping_status":"closed","template":"","meta":{"_acf_changed":false},"product_brand":[],"product_cat":[227,229],"product_tag":[234],"class_list":{"0":"post-7677","1":"product","2":"type-product","3":"status-publish","4":"has-post-thumbnail","6":"product_cat-noi-that","7":"product_cat-phong-khach","8":"product_tag-millie","10":"first","11":"instock","12":"shipping-taxable","13":"product-type-simple"},"acf":[],"etheme_brands":{"errors":{"invalid_taxonomy":["Invalid taxonomy."]},"error_data":[]},"_links":{"self":[{"href":"https:\/\/thienphatcompany.vn\/en\/wp-json\/wp\/v2\/product\/7677","targetHints":{"allow":["GET"]}}],"collection":[{"href":"https:\/\/thienphatcompany.vn\/en\/wp-json\/wp\/v2\/product"}],"about":[{"href":"https:\/\/thienphatcompany.vn\/en\/wp-json\/wp\/v2\/types\/product"}],"replies":[{"embeddable":true,"href":"https:\/\/thienphatcompany.vn\/en\/wp-json\/wp\/v2\/comments?post=7677"}],"wp:featuredmedia":[{"embeddable":true,"href":"https:\/\/thienphatcompany.vn\/en\/wp-json\/wp\/v2\/media\/7635"}],"wp:attachment":[{"href":"https:\/\/thienphatcompany.vn\/en\/wp-json\/wp\/v2\/media?parent=7677"}],"wp:term":[{"taxonomy":"product_brand","embeddable":true,"href":"https:\/\/thienphatcompany.vn\/en\/wp-json\/wp\/v2\/product_brand?post=7677"},{"taxonomy":"product_cat","embeddable":true,"href":"https:\/\/thienphatcompany.vn\/en\/wp-json\/wp\/v2\/product_cat?post=7677"},{"taxonomy":"product_tag","embeddable":true,"href":"https:\/\/thienphatcompany.vn\/en\/wp-json\/wp\/v2\/product_tag?post=7677"}],"curies":[{"name":"wp","href":"https:\/\/api.w.org\/{rel}","templated":true}]}}