{"id":7675,"date":"2024-12-31T15:33:15","date_gmt":"2024-12-31T08:33:15","guid":{"rendered":"https:\/\/thienphatcompany.vn\/?post_type=product&#038;p=7675"},"modified":"2025-02-16T19:48:15","modified_gmt":"2025-02-16T12:48:15","slug":"millie-coffee-table","status":"publish","type":"product","link":"https:\/\/thienphatcompany.vn\/en\/product\/millie-coffee-table\/","title":{"rendered":"Millie Coffee table"},"content":{"rendered":"<p>B\u00e0n c\u00e0 ph\u00ea v\u1edbi thi\u1ebft k\u1ebf \u0111\u01a1n gi\u1ea3n, m\u00e0u s\u1eafc \u1ea5m \u00e1p, v\u00e0 ch\u1ea5t li\u1ec7u b\u1ec1n b\u1ec9, l\u00fd t\u01b0\u1edfng cho ph\u00f2ng kh\u00e1ch.<\/p>","protected":false},"excerpt":{"rendered":"<p>B\u00e0n c\u00e0 ph\u00ea v\u1edbi thi\u1ebft k\u1ebf \u0111\u01a1n gi\u1ea3n, m\u00e0u s\u1eafc \u1ea5m \u00e1p, v\u00e0 ch\u1ea5t li\u1ec7u b\u1ec1n b\u1ec9,&#8230;<\/p>","protected":false},"featured_media":7634,"comment_status":"open","ping_status":"closed","template":"","meta":{"_acf_changed":false},"product_brand":[],"product_cat":[227,229],"product_tag":[234],"class_list":{"0":"post-7675","1":"product","2":"type-product","3":"status-publish","4":"has-post-thumbnail","6":"product_cat-noi-that","7":"product_cat-phong-khach","8":"product_tag-millie","10":"first","11":"instock","12":"shipping-taxable","13":"product-type-simple"},"acf":[],"etheme_brands":{"errors":{"invalid_taxonomy":["Invalid taxonomy."]},"error_data":[]},"_links":{"self":[{"href":"https:\/\/thienphatcompany.vn\/en\/wp-json\/wp\/v2\/product\/7675","targetHints":{"allow":["GET"]}}],"collection":[{"href":"https:\/\/thienphatcompany.vn\/en\/wp-json\/wp\/v2\/product"}],"about":[{"href":"https:\/\/thienphatcompany.vn\/en\/wp-json\/wp\/v2\/types\/product"}],"replies":[{"embeddable":true,"href":"https:\/\/thienphatcompany.vn\/en\/wp-json\/wp\/v2\/comments?post=7675"}],"wp:featuredmedia":[{"embeddable":true,"href":"https:\/\/thienphatcompany.vn\/en\/wp-json\/wp\/v2\/media\/7634"}],"wp:attachment":[{"href":"https:\/\/thienphatcompany.vn\/en\/wp-json\/wp\/v2\/media?parent=7675"}],"wp:term":[{"taxonomy":"product_brand","embeddable":true,"href":"https:\/\/thienphatcompany.vn\/en\/wp-json\/wp\/v2\/product_brand?post=7675"},{"taxonomy":"product_cat","embeddable":true,"href":"https:\/\/thienphatcompany.vn\/en\/wp-json\/wp\/v2\/product_cat?post=7675"},{"taxonomy":"product_tag","embeddable":true,"href":"https:\/\/thienphatcompany.vn\/en\/wp-json\/wp\/v2\/product_tag?post=7675"}],"curies":[{"name":"wp","href":"https:\/\/api.w.org\/{rel}","templated":true}]}}