{"id":11402,"date":"2025-08-26T10:49:32","date_gmt":"2025-08-26T03:49:32","guid":{"rendered":"https:\/\/thienphatcompany.vn\/?post_type=product&#038;p=11402"},"modified":"2026-03-19T13:54:12","modified_gmt":"2026-03-19T06:54:12","slug":"ghe-tam-nang-go-gap-gon","status":"publish","type":"product","link":"https:\/\/thienphatcompany.vn\/en\/product\/ghe-tam-nang-go-gap-gon\/","title":{"rendered":"Gh\u1ebf t\u1eafm n\u1eafng g\u1ed7 g\u1ea5p g\u1ecdn"},"content":{"rendered":"<h3>Gh\u1ebf t\u1eafm n\u1eafng g\u1ed7 g\u1ea5p g\u1ecdn \u0111\u01b0\u1ee3c l\u00e0m\u00a0<strong>t\u1eeb g\u1ed7 keo v\u1edbi l\u1edbp ph\u1ee7 ch\u1ed1ng th\u1ea5m n\u01b0\u1edbc v\u00e0\u00a0v\u1ea3i 180g\/m\u00b2<\/strong>\u00a0d\u1ec5 v\u1ec7 sinh\u00a0.\u00a0<strong>T\u1ef1a l\u01b0ng c\u00f3 th\u1ec3 \u0111i\u1ec1u ch\u1ec9nh 4 m\u1ee9c \u0111\u1ed9<\/strong>\u00a0,\u00a0<strong>\u00a0<\/strong>t\u00edch\u00a0<strong>h\u1ee3p m\u00e1i che n\u1eafng v\u00e0 ch\u1ed7 \u0111\u1ec3 ch\u00e2n<\/strong>\u00a0.<\/h3>\n<h3><strong>\u0110\u1eb7c tr\u01b0ng<\/strong>\u00a0:<\/h3>\n<ul>\n<li>\u0110\u01b0\u1ee3c l\u00e0m b\u1eb1ng g\u1ed7 keo \u0111\u01b0\u1ee3c ch\u1ee9ng nh\u1eadn <strong> FSC-Certified (Acacia Wood) (FSC<sup>\u00ae<\/sup>-C135410)<\/strong><\/li>\n<li>Thi\u1ebft k\u1ebf c\u00f3 th\u1ec3 g\u1eadp l\u1ea1i<\/li>\n<li>Ho\u00e0n thi\u1ec7n ch\u1ed1ng th\u1ea5m n\u01b0\u1edbc<\/li>\n<li>V\u1ea3i d\u1ec5 lau ch\u00f9i 180g\/m\u00b2<\/li>\n<li>T\u1ef1a l\u01b0ng ng\u1ea3 3 v\u1ecb tr\u00ed<\/li>\n<li>C\u00f3 m\u00e1i che v\u00e0 ch\u1ed7 \u0111\u1ec3 ch\u00e2n t\u00edch h\u1ee3p<\/li>\n<li>K\u00edch th\u01b0\u1edbc ch\u1ed7 \u0111\u1ec3 ch\u00e2n: 41 x 39 x 32 cm<\/li>\n<li>Chi\u1ec1u cao gh\u1ebf: 28 cm<\/li>\n<li>Tr\u1ecdng l\u01b0\u1ee3ng t\u1ed1i \u0111a c\u1ee7a gi\u01b0\u1eddng t\u1eafm n\u1eafng: 160 Kg<\/li>\n<li>Tr\u1ecdng l\u01b0\u1ee3ng t\u1ed1i \u0111a c\u1ee7a ch\u1ed7 \u0111\u1ec3 ch\u00e2n: 40 Kg<\/li>\n<li>K\u00edch th\u01b0\u1edbc gi\u01b0\u1eddng t\u1eafm n\u1eafng: 126 x 70 x 94 cm<\/li>\n<li><img fetchpriority=\"high\" decoding=\"async\" class=\"aligncenter wp-image-11414 size-large\" src=\"https:\/\/thienphatcompany.vn\/wp-content\/uploads\/2025\/08\/Folding-Wooden-Sun-Lounger-3-1024x819.jpg\" alt=\"\" width=\"1024\" height=\"819\" srcset=\"https:\/\/thienphatcompany.vn\/wp-content\/uploads\/2025\/08\/Folding-Wooden-Sun-Lounger-3-1024x819.jpg 1024w, https:\/\/thienphatcompany.vn\/wp-content\/uploads\/2025\/08\/Folding-Wooden-Sun-Lounger-3-300x240.jpg 300w, https:\/\/thienphatcompany.vn\/wp-content\/uploads\/2025\/08\/Folding-Wooden-Sun-Lounger-3-768x614.jpg 768w, https:\/\/thienphatcompany.vn\/wp-content\/uploads\/2025\/08\/Folding-Wooden-Sun-Lounger-3-1536x1229.jpg 1536w, https:\/\/thienphatcompany.vn\/wp-content\/uploads\/2025\/08\/Folding-Wooden-Sun-Lounger-3-15x12.jpg 15w, https:\/\/thienphatcompany.vn\/wp-content\/uploads\/2025\/08\/Folding-Wooden-Sun-Lounger-3-800x640.jpg 800w, https:\/\/thienphatcompany.vn\/wp-content\/uploads\/2025\/08\/Folding-Wooden-Sun-Lounger-3-1x1.jpg 1w, https:\/\/thienphatcompany.vn\/wp-content\/uploads\/2025\/08\/Folding-Wooden-Sun-Lounger-3-10x8.jpg 10w, https:\/\/thienphatcompany.vn\/wp-content\/uploads\/2025\/08\/Folding-Wooden-Sun-Lounger-3.jpg 2000w\" sizes=\"(max-width: 1024px) 100vw, 1024px\" \/><\/li>\n<\/ul>","protected":false},"excerpt":{"rendered":"<p><strong>Th\u00f4ng Tin S\u1ea3n Ph\u1ea9m<\/strong><\/p>\n<ul>\n<li>\u0110\u01b0\u1ee3c l\u00e0m b\u1eb1ng g\u1ed7 keo \u0111\u01b0\u1ee3c ch\u1ee9ng nh\u1eadn <strong> FSC-Certified (Acacia Wood) (FSC<sup>\u00ae<\/sup>-C135410)<\/strong><\/li>\n<li>Ho\u00e0n thi\u1ec7n ch\u1ed1ng th\u1ea5m n\u01b0\u1edbc<\/li>\n<li>V\u1ea3i d\u1ec5 lau ch\u00f9i 180g\/m\u00b2<\/li>\n<li>T\u1ef1a l\u01b0ng ng\u1ea3 4 v\u1ecb tr\u00ed<\/li>\n<li>C\u00f3 m\u00e1i che v\u00e0 ch\u1ed7 \u0111\u1ec3 ch\u00e2n t\u00edch h\u1ee3p<\/li>\n<li>K\u00edch th\u01b0\u1edbc ch\u1ed7 \u0111\u1ec3 ch\u00e2n: 41 x 39 x 32 cm<\/li>\n<li>K\u00edch th\u01b0\u1edbc gi\u01b0\u1eddng t\u1eafm n\u1eafng: 126 x 70 x 94 cm<\/li>\n<\/ul>","protected":false},"featured_media":11412,"comment_status":"open","ping_status":"closed","template":"","meta":{"_acf_changed":false},"product_brand":[],"product_cat":[232,259],"product_tag":[223],"class_list":{"0":"post-11402","1":"product","2":"type-product","3":"status-publish","4":"has-post-thumbnail","6":"product_cat-ngoai-that","7":"product_cat-san-vuon","8":"product_tag-outdoor-furniture","10":"first","11":"instock","12":"shipping-taxable","13":"product-type-simple"},"acf":[],"etheme_brands":{"errors":{"invalid_taxonomy":["Invalid taxonomy."]},"error_data":[]},"_links":{"self":[{"href":"https:\/\/thienphatcompany.vn\/en\/wp-json\/wp\/v2\/product\/11402","targetHints":{"allow":["GET"]}}],"collection":[{"href":"https:\/\/thienphatcompany.vn\/en\/wp-json\/wp\/v2\/product"}],"about":[{"href":"https:\/\/thienphatcompany.vn\/en\/wp-json\/wp\/v2\/types\/product"}],"replies":[{"embeddable":true,"href":"https:\/\/thienphatcompany.vn\/en\/wp-json\/wp\/v2\/comments?post=11402"}],"wp:featuredmedia":[{"embeddable":true,"href":"https:\/\/thienphatcompany.vn\/en\/wp-json\/wp\/v2\/media\/11412"}],"wp:attachment":[{"href":"https:\/\/thienphatcompany.vn\/en\/wp-json\/wp\/v2\/media?parent=11402"}],"wp:term":[{"taxonomy":"product_brand","embeddable":true,"href":"https:\/\/thienphatcompany.vn\/en\/wp-json\/wp\/v2\/product_brand?post=11402"},{"taxonomy":"product_cat","embeddable":true,"href":"https:\/\/thienphatcompany.vn\/en\/wp-json\/wp\/v2\/product_cat?post=11402"},{"taxonomy":"product_tag","embeddable":true,"href":"https:\/\/thienphatcompany.vn\/en\/wp-json\/wp\/v2\/product_tag?post=11402"}],"curies":[{"name":"wp","href":"https:\/\/api.w.org\/{rel}","templated":true}]}}